{"id":1243,"date":"2025-04-15T08:49:07","date_gmt":"2025-04-15T08:49:07","guid":{"rendered":"https:\/\/hanjiewallprinter.com\/?post_type=product&#038;p=1243"},"modified":"2025-07-17T06:13:57","modified_gmt":"2025-07-17T06:13:57","slug":"hj-928-vertical-3d-pared-arte-impresora-fabricante-de-la-maquina","status":"publish","type":"product","link":"https:\/\/hanjiewallprinter.com\/es\/product\/hj-928-vertical-3d-wall-art-printer-machine-manufacturer\/","title":{"rendered":"HJ-928 Impresora 3D vertical de pared Fabricante de la m\u00e1quina"},"featured_media":490,"parent":0,"template":"","meta":{"_acf_changed":false},"product_categorie":[6],"class_list":["post-1243","product","type-product","status-publish","has-post-thumbnail","hentry","product_categorie-wall-printer"],"acf":[],"yoast_head":"<!-- This site is optimized with the Yoast SEO plugin v26.4 - https:\/\/yoast.com\/wordpress\/plugins\/seo\/ -->\n<title>Vertical-3d-wall-art-printer-machine-manufacturer-hj-928<\/title>\n<meta name=\"description\" content=\"Is equipped with an Epson print head and has a printing accuracy of up to 2880DPI-HJ-928\" \/>\n<meta name=\"robots\" content=\"index, follow, max-snippet:-1, max-image-preview:large, max-video-preview:-1\" \/>\n<link rel=\"canonical\" href=\"https:\/\/hanjiewallprinter.com\/es\/producto\/hj-928-vertical-3d-pared-arte-impresora-fabricante-de-la-maquina\/\" \/>\n<meta property=\"og:locale\" content=\"es_ES\" \/>\n<meta property=\"og:type\" content=\"article\" \/>\n<meta property=\"og:title\" content=\"Vertical-3d-wall-art-printer-machine-manufacturer-hj-928\" \/>\n<meta property=\"og:description\" content=\"Is equipped with an Epson print head and has a printing accuracy of up to 2880DPI-HJ-928\" \/>\n<meta property=\"og:url\" content=\"https:\/\/hanjiewallprinter.com\/es\/producto\/hj-928-vertical-3d-pared-arte-impresora-fabricante-de-la-maquina\/\" \/>\n<meta property=\"og:site_name\" content=\"Hanjie wall printer\" \/>\n<meta property=\"article:modified_time\" content=\"2025-07-17T06:13:57+00:00\" \/>\n<meta property=\"og:image\" content=\"https:\/\/hanjiewallprinter.com\/wp-content\/uploads\/2025\/04\/5.png\" \/>\n\t<meta property=\"og:image:width\" content=\"800\" \/>\n\t<meta property=\"og:image:height\" content=\"800\" \/>\n\t<meta property=\"og:image:type\" content=\"image\/png\" \/>\n<meta name=\"twitter:card\" content=\"summary_large_image\" \/>\n<meta name=\"twitter:label1\" content=\"Tiempo de lectura\" \/>\n\t<meta name=\"twitter:data1\" content=\"1 minuto\" \/>\n<script type=\"application\/ld+json\" class=\"yoast-schema-graph\">{\"@context\":\"https:\/\/schema.org\",\"@graph\":[{\"@type\":\"WebPage\",\"@id\":\"https:\/\/hanjiewallprinter.com\/product\/hj-928-vertical-3d-wall-art-printer-machine-manufacturer\/\",\"url\":\"https:\/\/hanjiewallprinter.com\/product\/hj-928-vertical-3d-wall-art-printer-machine-manufacturer\/\",\"name\":\"Vertical-3d-wall-art-printer-machine-manufacturer-hj-928\",\"isPartOf\":{\"@id\":\"https:\/\/hanjiewallprinter.com\/#website\"},\"primaryImageOfPage\":{\"@id\":\"https:\/\/hanjiewallprinter.com\/product\/hj-928-vertical-3d-wall-art-printer-machine-manufacturer\/#primaryimage\"},\"image\":{\"@id\":\"https:\/\/hanjiewallprinter.com\/product\/hj-928-vertical-3d-wall-art-printer-machine-manufacturer\/#primaryimage\"},\"thumbnailUrl\":\"https:\/\/hanjiewallprinter.com\/wp-content\/uploads\/2025\/04\/5.png\",\"datePublished\":\"2025-04-15T08:49:07+00:00\",\"dateModified\":\"2025-07-17T06:13:57+00:00\",\"description\":\"Is equipped with an Epson print head and has a printing accuracy of up to 2880DPI-HJ-928\",\"breadcrumb\":{\"@id\":\"https:\/\/hanjiewallprinter.com\/product\/hj-928-vertical-3d-wall-art-printer-machine-manufacturer\/#breadcrumb\"},\"inLanguage\":\"es\",\"potentialAction\":[{\"@type\":\"ReadAction\",\"target\":[\"https:\/\/hanjiewallprinter.com\/product\/hj-928-vertical-3d-wall-art-printer-machine-manufacturer\/\"]}]},{\"@type\":\"ImageObject\",\"inLanguage\":\"es\",\"@id\":\"https:\/\/hanjiewallprinter.com\/product\/hj-928-vertical-3d-wall-art-printer-machine-manufacturer\/#primaryimage\",\"url\":\"https:\/\/hanjiewallprinter.com\/wp-content\/uploads\/2025\/04\/5.png\",\"contentUrl\":\"https:\/\/hanjiewallprinter.com\/wp-content\/uploads\/2025\/04\/5.png\",\"width\":800,\"height\":800},{\"@type\":\"BreadcrumbList\",\"@id\":\"https:\/\/hanjiewallprinter.com\/product\/hj-928-vertical-3d-wall-art-printer-machine-manufacturer\/#breadcrumb\",\"itemListElement\":[{\"@type\":\"ListItem\",\"position\":1,\"name\":\"Home\",\"item\":\"https:\/\/hanjiewallprinter.com\/en_US\/\"},{\"@type\":\"ListItem\",\"position\":2,\"name\":\"Products\",\"item\":\"https:\/\/hanjiewallprinter.com\/product\/\"},{\"@type\":\"ListItem\",\"position\":3,\"name\":\"WALL PRINTER\",\"item\":\"https:\/\/hanjiewallprinter.com\/product_categorie\/wall-printer\/\"},{\"@type\":\"ListItem\",\"position\":4,\"name\":\"HJ-928 Vertical 3D Wall Art Printer Machine Manufacturer\"}]},{\"@type\":\"WebSite\",\"@id\":\"https:\/\/hanjiewallprinter.com\/#website\",\"url\":\"https:\/\/hanjiewallprinter.com\/\",\"name\":\"hanjiewallprinter.com\",\"description\":\"Hanjie wall printer\",\"publisher\":{\"@id\":\"https:\/\/hanjiewallprinter.com\/#organization\"},\"potentialAction\":[{\"@type\":\"SearchAction\",\"target\":{\"@type\":\"EntryPoint\",\"urlTemplate\":\"https:\/\/hanjiewallprinter.com\/?s={search_term_string}\"},\"query-input\":{\"@type\":\"PropertyValueSpecification\",\"valueRequired\":true,\"valueName\":\"search_term_string\"}}],\"inLanguage\":\"es\"},{\"@type\":\"Organization\",\"@id\":\"https:\/\/hanjiewallprinter.com\/#organization\",\"name\":\"hanjiewallprinter.com\",\"url\":\"https:\/\/hanjiewallprinter.com\/\",\"logo\":{\"@type\":\"ImageObject\",\"inLanguage\":\"es\",\"@id\":\"https:\/\/hanjiewallprinter.com\/#\/schema\/logo\/image\/\",\"url\":\"https:\/\/hanjiewallprinter.com\/wp-content\/uploads\/2025\/03\/cropped-123456.webp\",\"contentUrl\":\"https:\/\/hanjiewallprinter.com\/wp-content\/uploads\/2025\/03\/cropped-123456.webp\",\"width\":512,\"height\":512,\"caption\":\"hanjiewallprinter.com\"},\"image\":{\"@id\":\"https:\/\/hanjiewallprinter.com\/#\/schema\/logo\/image\/\"}}]}<\/script>\n<!-- \/ Yoast SEO plugin. -->","yoast_head_json":{"title":"vertical-3d-art-impresora-fabricante-hj-928","description":"Est\u00e1 equipado con un cabezal de impresi\u00f3n Epson y tiene una precisi\u00f3n de impresi\u00f3n de hasta 2880DPI-HJ-928","robots":{"index":"index","follow":"follow","max-snippet":"max-snippet:-1","max-image-preview":"max-image-preview:large","max-video-preview":"max-video-preview:-1"},"canonical":"https:\/\/hanjiewallprinter.com\/es\/producto\/hj-928-vertical-3d-pared-arte-impresora-fabricante-de-la-maquina\/","og_locale":"es_ES","og_type":"article","og_title":"Vertical-3d-wall-art-printer-machine-manufacturer-hj-928","og_description":"Is equipped with an Epson print head and has a printing accuracy of up to 2880DPI-HJ-928","og_url":"https:\/\/hanjiewallprinter.com\/es\/producto\/hj-928-vertical-3d-pared-arte-impresora-fabricante-de-la-maquina\/","og_site_name":"Hanjie wall printer","article_modified_time":"2025-07-17T06:13:57+00:00","og_image":[{"width":800,"height":800,"url":"https:\/\/hanjiewallprinter.com\/wp-content\/uploads\/2025\/04\/5.png","type":"image\/png"}],"twitter_card":"summary_large_image","twitter_misc":{"Tiempo de lectura":"1 minuto"},"schema":{"@context":"https:\/\/schema.org","@graph":[{"@type":"WebPage","@id":"https:\/\/hanjiewallprinter.com\/product\/hj-928-vertical-3d-wall-art-printer-machine-manufacturer\/","url":"https:\/\/hanjiewallprinter.com\/product\/hj-928-vertical-3d-wall-art-printer-machine-manufacturer\/","name":"vertical-3d-art-impresora-fabricante-hj-928","isPartOf":{"@id":"https:\/\/hanjiewallprinter.com\/#website"},"primaryImageOfPage":{"@id":"https:\/\/hanjiewallprinter.com\/product\/hj-928-vertical-3d-wall-art-printer-machine-manufacturer\/#primaryimage"},"image":{"@id":"https:\/\/hanjiewallprinter.com\/product\/hj-928-vertical-3d-wall-art-printer-machine-manufacturer\/#primaryimage"},"thumbnailUrl":"https:\/\/hanjiewallprinter.com\/wp-content\/uploads\/2025\/04\/5.png","datePublished":"2025-04-15T08:49:07+00:00","dateModified":"2025-07-17T06:13:57+00:00","description":"Est\u00e1 equipado con un cabezal de impresi\u00f3n Epson y tiene una precisi\u00f3n de impresi\u00f3n de hasta 2880DPI-HJ-928","breadcrumb":{"@id":"https:\/\/hanjiewallprinter.com\/product\/hj-928-vertical-3d-wall-art-printer-machine-manufacturer\/#breadcrumb"},"inLanguage":"es","potentialAction":[{"@type":"ReadAction","target":["https:\/\/hanjiewallprinter.com\/product\/hj-928-vertical-3d-wall-art-printer-machine-manufacturer\/"]}]},{"@type":"ImageObject","inLanguage":"es","@id":"https:\/\/hanjiewallprinter.com\/product\/hj-928-vertical-3d-wall-art-printer-machine-manufacturer\/#primaryimage","url":"https:\/\/hanjiewallprinter.com\/wp-content\/uploads\/2025\/04\/5.png","contentUrl":"https:\/\/hanjiewallprinter.com\/wp-content\/uploads\/2025\/04\/5.png","width":800,"height":800},{"@type":"BreadcrumbList","@id":"https:\/\/hanjiewallprinter.com\/product\/hj-928-vertical-3d-wall-art-printer-machine-manufacturer\/#breadcrumb","itemListElement":[{"@type":"ListItem","position":1,"name":"Home","item":"https:\/\/hanjiewallprinter.com\/en_US\/"},{"@type":"ListItem","position":2,"name":"Products","item":"https:\/\/hanjiewallprinter.com\/product\/"},{"@type":"ListItem","position":3,"name":"WALL PRINTER","item":"https:\/\/hanjiewallprinter.com\/product_categorie\/wall-printer\/"},{"@type":"ListItem","position":4,"name":"HJ-928 Vertical 3D Wall Art Printer Machine Manufacturer"}]},{"@type":"WebSite","@id":"https:\/\/hanjiewallprinter.com\/#website","url":"https:\/\/hanjiewallprinter.com\/","name":"hanjiewallprinter.com","description":"Impresora mural Hanjie","publisher":{"@id":"https:\/\/hanjiewallprinter.com\/#organization"},"potentialAction":[{"@type":"SearchAction","target":{"@type":"EntryPoint","urlTemplate":"https:\/\/hanjiewallprinter.com\/?s={search_term_string}"},"query-input":{"@type":"PropertyValueSpecification","valueRequired":true,"valueName":"search_term_string"}}],"inLanguage":"es"},{"@type":"Organization","@id":"https:\/\/hanjiewallprinter.com\/#organization","name":"hanjiewallprinter.com","url":"https:\/\/hanjiewallprinter.com\/","logo":{"@type":"ImageObject","inLanguage":"es","@id":"https:\/\/hanjiewallprinter.com\/#\/schema\/logo\/image\/","url":"https:\/\/hanjiewallprinter.com\/wp-content\/uploads\/2025\/03\/cropped-123456.webp","contentUrl":"https:\/\/hanjiewallprinter.com\/wp-content\/uploads\/2025\/03\/cropped-123456.webp","width":512,"height":512,"caption":"hanjiewallprinter.com"},"image":{"@id":"https:\/\/hanjiewallprinter.com\/#\/schema\/logo\/image\/"}}]}},"_links":{"self":[{"href":"https:\/\/hanjiewallprinter.com\/es\/wp-json\/wp\/v2\/product\/1243","targetHints":{"allow":["GET"]}}],"collection":[{"href":"https:\/\/hanjiewallprinter.com\/es\/wp-json\/wp\/v2\/product"}],"about":[{"href":"https:\/\/hanjiewallprinter.com\/es\/wp-json\/wp\/v2\/types\/product"}],"wp:featuredmedia":[{"embeddable":true,"href":"https:\/\/hanjiewallprinter.com\/es\/wp-json\/wp\/v2\/media\/490"}],"wp:attachment":[{"href":"https:\/\/hanjiewallprinter.com\/es\/wp-json\/wp\/v2\/media?parent=1243"}],"wp:term":[{"taxonomy":"product_categorie","embeddable":true,"href":"https:\/\/hanjiewallprinter.com\/es\/wp-json\/wp\/v2\/product_categorie?post=1243"}],"curies":[{"name":"wp","href":"https:\/\/api.w.org\/{rel}","templated":true}]}}