{"id":1479,"date":"2025-04-21T02:29:49","date_gmt":"2025-04-21T02:29:49","guid":{"rendered":"https:\/\/hanjiewallprinter.com\/?post_type=product&#038;p=1479"},"modified":"2025-07-08T02:51:35","modified_gmt":"2025-07-08T02:51:35","slug":"hj-725-decoracion-publicitaria-3d-impresora-mural-multiboquilla","status":"publish","type":"product","link":"https:\/\/hanjiewallprinter.com\/es\/product\/hj-725-advertising-decoration-3d-multi-nozzle-wall-printer\/","title":{"rendered":"HJ-725 Impresora 3D de decoraci\u00f3n publicitaria Impresora mural multiboquilla"},"featured_media":1510,"parent":0,"template":"","meta":{"_acf_changed":false},"product_categorie":[6],"class_list":["post-1479","product","type-product","status-publish","has-post-thumbnail","hentry","product_categorie-wall-printer"],"acf":[],"yoast_head":"<!-- This site is optimized with the Yoast SEO plugin v26.4 - https:\/\/yoast.com\/wordpress\/plugins\/seo\/ -->\n<title>HJ-725 Advertising Decoration 3D Printer Multi-Nozzle Wall Printer - Hanjie wall printer 3D Multi-Nozzle Wall Printer | Hanjie\u2019s 2-in-1 Wall &amp; Floor Solution<\/title>\n<meta name=\"description\" content=\"Revolutionize your space with Hanjie\u2019s 3D Multi-Nozzle Wall Printer! Perfect for walls and floors, this 2-in-1 inkjet printer delivers precision and versatility.\" \/>\n<meta name=\"robots\" content=\"index, follow, max-snippet:-1, max-image-preview:large, max-video-preview:-1\" \/>\n<link rel=\"canonical\" href=\"https:\/\/hanjiewallprinter.com\/es\/producto\/hj-725-decoracion-publicitaria-3d-impresora-mural-multiboquilla\/\" \/>\n<meta property=\"og:locale\" content=\"es_ES\" \/>\n<meta property=\"og:type\" content=\"article\" \/>\n<meta property=\"og:title\" content=\"HJ-725 Advertising Decoration 3D Printer Multi-Nozzle Wall Printer - Hanjie wall printer 3D Multi-Nozzle Wall Printer | Hanjie\u2019s 2-in-1 Wall &amp; Floor Solution\" \/>\n<meta property=\"og:description\" content=\"Revolutionize your space with Hanjie\u2019s 3D Multi-Nozzle Wall Printer! Perfect for walls and floors, this 2-in-1 inkjet printer delivers precision and versatility.\" \/>\n<meta property=\"og:url\" content=\"https:\/\/hanjiewallprinter.com\/es\/producto\/hj-725-decoracion-publicitaria-3d-impresora-mural-multiboquilla\/\" \/>\n<meta property=\"og:site_name\" content=\"Hanjie wall printer\" \/>\n<meta property=\"article:modified_time\" content=\"2025-07-08T02:51:35+00:00\" \/>\n<meta property=\"og:image\" content=\"https:\/\/hanjiewallprinter.com\/wp-content\/uploads\/2025\/04\/22.webp\" \/>\n\t<meta property=\"og:image:width\" content=\"800\" \/>\n\t<meta property=\"og:image:height\" content=\"800\" \/>\n\t<meta property=\"og:image:type\" content=\"image\/webp\" \/>\n<meta name=\"twitter:card\" content=\"summary_large_image\" \/>\n<meta name=\"twitter:label1\" content=\"Tiempo de lectura\" \/>\n\t<meta name=\"twitter:data1\" content=\"1 minuto\" \/>\n<script type=\"application\/ld+json\" class=\"yoast-schema-graph\">{\"@context\":\"https:\/\/schema.org\",\"@graph\":[{\"@type\":\"WebPage\",\"@id\":\"https:\/\/hanjiewallprinter.com\/product\/hj-725-advertising-decoration-3d-multi-nozzle-wall-printer\/\",\"url\":\"https:\/\/hanjiewallprinter.com\/product\/hj-725-advertising-decoration-3d-multi-nozzle-wall-printer\/\",\"name\":\"HJ-725 Advertising Decoration 3D Printer Multi-Nozzle Wall Printer - Hanjie wall printer 3D Multi-Nozzle Wall Printer | Hanjie\u2019s 2-in-1 Wall & Floor Solution\",\"isPartOf\":{\"@id\":\"https:\/\/hanjiewallprinter.com\/#website\"},\"primaryImageOfPage\":{\"@id\":\"https:\/\/hanjiewallprinter.com\/product\/hj-725-advertising-decoration-3d-multi-nozzle-wall-printer\/#primaryimage\"},\"image\":{\"@id\":\"https:\/\/hanjiewallprinter.com\/product\/hj-725-advertising-decoration-3d-multi-nozzle-wall-printer\/#primaryimage\"},\"thumbnailUrl\":\"https:\/\/hanjiewallprinter.com\/wp-content\/uploads\/2025\/04\/22.webp\",\"datePublished\":\"2025-04-21T02:29:49+00:00\",\"dateModified\":\"2025-07-08T02:51:35+00:00\",\"description\":\"Revolutionize your space with Hanjie\u2019s 3D Multi-Nozzle Wall Printer! Perfect for walls and floors, this 2-in-1 inkjet printer delivers precision and versatility.\",\"breadcrumb\":{\"@id\":\"https:\/\/hanjiewallprinter.com\/product\/hj-725-advertising-decoration-3d-multi-nozzle-wall-printer\/#breadcrumb\"},\"inLanguage\":\"es\",\"potentialAction\":[{\"@type\":\"ReadAction\",\"target\":[\"https:\/\/hanjiewallprinter.com\/product\/hj-725-advertising-decoration-3d-multi-nozzle-wall-printer\/\"]}]},{\"@type\":\"ImageObject\",\"inLanguage\":\"es\",\"@id\":\"https:\/\/hanjiewallprinter.com\/product\/hj-725-advertising-decoration-3d-multi-nozzle-wall-printer\/#primaryimage\",\"url\":\"https:\/\/hanjiewallprinter.com\/wp-content\/uploads\/2025\/04\/22.webp\",\"contentUrl\":\"https:\/\/hanjiewallprinter.com\/wp-content\/uploads\/2025\/04\/22.webp\",\"width\":800,\"height\":800},{\"@type\":\"BreadcrumbList\",\"@id\":\"https:\/\/hanjiewallprinter.com\/product\/hj-725-advertising-decoration-3d-multi-nozzle-wall-printer\/#breadcrumb\",\"itemListElement\":[{\"@type\":\"ListItem\",\"position\":1,\"name\":\"Home\",\"item\":\"https:\/\/hanjiewallprinter.com\/en_US\/\"},{\"@type\":\"ListItem\",\"position\":2,\"name\":\"Products\",\"item\":\"https:\/\/hanjiewallprinter.com\/product\/\"},{\"@type\":\"ListItem\",\"position\":3,\"name\":\"WALL PRINTER\",\"item\":\"https:\/\/hanjiewallprinter.com\/product_categorie\/wall-printer\/\"},{\"@type\":\"ListItem\",\"position\":4,\"name\":\"HJ-725 Advertising Decoration 3D Printer Multi-Nozzle Wall Printer\"}]},{\"@type\":\"WebSite\",\"@id\":\"https:\/\/hanjiewallprinter.com\/#website\",\"url\":\"https:\/\/hanjiewallprinter.com\/\",\"name\":\"hanjiewallprinter.com\",\"description\":\"Hanjie wall printer\",\"publisher\":{\"@id\":\"https:\/\/hanjiewallprinter.com\/#organization\"},\"potentialAction\":[{\"@type\":\"SearchAction\",\"target\":{\"@type\":\"EntryPoint\",\"urlTemplate\":\"https:\/\/hanjiewallprinter.com\/?s={search_term_string}\"},\"query-input\":{\"@type\":\"PropertyValueSpecification\",\"valueRequired\":true,\"valueName\":\"search_term_string\"}}],\"inLanguage\":\"es\"},{\"@type\":\"Organization\",\"@id\":\"https:\/\/hanjiewallprinter.com\/#organization\",\"name\":\"hanjiewallprinter.com\",\"url\":\"https:\/\/hanjiewallprinter.com\/\",\"logo\":{\"@type\":\"ImageObject\",\"inLanguage\":\"es\",\"@id\":\"https:\/\/hanjiewallprinter.com\/#\/schema\/logo\/image\/\",\"url\":\"https:\/\/hanjiewallprinter.com\/wp-content\/uploads\/2025\/03\/cropped-123456.webp\",\"contentUrl\":\"https:\/\/hanjiewallprinter.com\/wp-content\/uploads\/2025\/03\/cropped-123456.webp\",\"width\":512,\"height\":512,\"caption\":\"hanjiewallprinter.com\"},\"image\":{\"@id\":\"https:\/\/hanjiewallprinter.com\/#\/schema\/logo\/image\/\"}}]}<\/script>\n<!-- \/ Yoast SEO plugin. -->","yoast_head_json":{"title":"HJ-725 Impresora 3D de decoraci\u00f3n publicitaria Impresora mural multiboquilla - Impresora mural Hanjie Impresora mural multiboquilla 3D | Soluci\u00f3n 2 en 1 para pared y suelo de Hanjie","description":"Revolucione su espacio con la impresora 3D mural de boquillas m\u00faltiples de Hanjie. Perfecta para paredes y suelos, esta impresora de inyecci\u00f3n de tinta 2 en 1 ofrece precisi\u00f3n y versatilidad.","robots":{"index":"index","follow":"follow","max-snippet":"max-snippet:-1","max-image-preview":"max-image-preview:large","max-video-preview":"max-video-preview:-1"},"canonical":"https:\/\/hanjiewallprinter.com\/es\/producto\/hj-725-decoracion-publicitaria-3d-impresora-mural-multiboquilla\/","og_locale":"es_ES","og_type":"article","og_title":"HJ-725 Advertising Decoration 3D Printer Multi-Nozzle Wall Printer - Hanjie wall printer 3D Multi-Nozzle Wall Printer | Hanjie\u2019s 2-in-1 Wall & Floor Solution","og_description":"Revolutionize your space with Hanjie\u2019s 3D Multi-Nozzle Wall Printer! Perfect for walls and floors, this 2-in-1 inkjet printer delivers precision and versatility.","og_url":"https:\/\/hanjiewallprinter.com\/es\/producto\/hj-725-decoracion-publicitaria-3d-impresora-mural-multiboquilla\/","og_site_name":"Hanjie wall printer","article_modified_time":"2025-07-08T02:51:35+00:00","og_image":[{"width":800,"height":800,"url":"https:\/\/hanjiewallprinter.com\/wp-content\/uploads\/2025\/04\/22.webp","type":"image\/webp"}],"twitter_card":"summary_large_image","twitter_misc":{"Tiempo de lectura":"1 minuto"},"schema":{"@context":"https:\/\/schema.org","@graph":[{"@type":"WebPage","@id":"https:\/\/hanjiewallprinter.com\/product\/hj-725-advertising-decoration-3d-multi-nozzle-wall-printer\/","url":"https:\/\/hanjiewallprinter.com\/product\/hj-725-advertising-decoration-3d-multi-nozzle-wall-printer\/","name":"HJ-725 Impresora 3D de decoraci\u00f3n publicitaria Impresora mural multiboquilla - Impresora mural Hanjie Impresora mural multiboquilla 3D | Soluci\u00f3n 2 en 1 para pared y suelo de Hanjie","isPartOf":{"@id":"https:\/\/hanjiewallprinter.com\/#website"},"primaryImageOfPage":{"@id":"https:\/\/hanjiewallprinter.com\/product\/hj-725-advertising-decoration-3d-multi-nozzle-wall-printer\/#primaryimage"},"image":{"@id":"https:\/\/hanjiewallprinter.com\/product\/hj-725-advertising-decoration-3d-multi-nozzle-wall-printer\/#primaryimage"},"thumbnailUrl":"https:\/\/hanjiewallprinter.com\/wp-content\/uploads\/2025\/04\/22.webp","datePublished":"2025-04-21T02:29:49+00:00","dateModified":"2025-07-08T02:51:35+00:00","description":"Revolucione su espacio con la impresora 3D mural de boquillas m\u00faltiples de Hanjie. Perfecta para paredes y suelos, esta impresora de inyecci\u00f3n de tinta 2 en 1 ofrece precisi\u00f3n y versatilidad.","breadcrumb":{"@id":"https:\/\/hanjiewallprinter.com\/product\/hj-725-advertising-decoration-3d-multi-nozzle-wall-printer\/#breadcrumb"},"inLanguage":"es","potentialAction":[{"@type":"ReadAction","target":["https:\/\/hanjiewallprinter.com\/product\/hj-725-advertising-decoration-3d-multi-nozzle-wall-printer\/"]}]},{"@type":"ImageObject","inLanguage":"es","@id":"https:\/\/hanjiewallprinter.com\/product\/hj-725-advertising-decoration-3d-multi-nozzle-wall-printer\/#primaryimage","url":"https:\/\/hanjiewallprinter.com\/wp-content\/uploads\/2025\/04\/22.webp","contentUrl":"https:\/\/hanjiewallprinter.com\/wp-content\/uploads\/2025\/04\/22.webp","width":800,"height":800},{"@type":"BreadcrumbList","@id":"https:\/\/hanjiewallprinter.com\/product\/hj-725-advertising-decoration-3d-multi-nozzle-wall-printer\/#breadcrumb","itemListElement":[{"@type":"ListItem","position":1,"name":"Home","item":"https:\/\/hanjiewallprinter.com\/en_US\/"},{"@type":"ListItem","position":2,"name":"Products","item":"https:\/\/hanjiewallprinter.com\/product\/"},{"@type":"ListItem","position":3,"name":"WALL PRINTER","item":"https:\/\/hanjiewallprinter.com\/product_categorie\/wall-printer\/"},{"@type":"ListItem","position":4,"name":"HJ-725 Advertising Decoration 3D Printer Multi-Nozzle Wall Printer"}]},{"@type":"WebSite","@id":"https:\/\/hanjiewallprinter.com\/#website","url":"https:\/\/hanjiewallprinter.com\/","name":"hanjiewallprinter.com","description":"Impresora mural Hanjie","publisher":{"@id":"https:\/\/hanjiewallprinter.com\/#organization"},"potentialAction":[{"@type":"SearchAction","target":{"@type":"EntryPoint","urlTemplate":"https:\/\/hanjiewallprinter.com\/?s={search_term_string}"},"query-input":{"@type":"PropertyValueSpecification","valueRequired":true,"valueName":"search_term_string"}}],"inLanguage":"es"},{"@type":"Organization","@id":"https:\/\/hanjiewallprinter.com\/#organization","name":"hanjiewallprinter.com","url":"https:\/\/hanjiewallprinter.com\/","logo":{"@type":"ImageObject","inLanguage":"es","@id":"https:\/\/hanjiewallprinter.com\/#\/schema\/logo\/image\/","url":"https:\/\/hanjiewallprinter.com\/wp-content\/uploads\/2025\/03\/cropped-123456.webp","contentUrl":"https:\/\/hanjiewallprinter.com\/wp-content\/uploads\/2025\/03\/cropped-123456.webp","width":512,"height":512,"caption":"hanjiewallprinter.com"},"image":{"@id":"https:\/\/hanjiewallprinter.com\/#\/schema\/logo\/image\/"}}]}},"_links":{"self":[{"href":"https:\/\/hanjiewallprinter.com\/es\/wp-json\/wp\/v2\/product\/1479","targetHints":{"allow":["GET"]}}],"collection":[{"href":"https:\/\/hanjiewallprinter.com\/es\/wp-json\/wp\/v2\/product"}],"about":[{"href":"https:\/\/hanjiewallprinter.com\/es\/wp-json\/wp\/v2\/types\/product"}],"wp:featuredmedia":[{"embeddable":true,"href":"https:\/\/hanjiewallprinter.com\/es\/wp-json\/wp\/v2\/media\/1510"}],"wp:attachment":[{"href":"https:\/\/hanjiewallprinter.com\/es\/wp-json\/wp\/v2\/media?parent=1479"}],"wp:term":[{"taxonomy":"product_categorie","embeddable":true,"href":"https:\/\/hanjiewallprinter.com\/es\/wp-json\/wp\/v2\/product_categorie?post=1479"}],"curies":[{"name":"wp","href":"https:\/\/api.w.org\/{rel}","templated":true}]}}