{"id":1478,"date":"2025-04-22T07:37:46","date_gmt":"2025-04-22T07:37:46","guid":{"rendered":"https:\/\/hanjiewallprinter.com\/?post_type=product&#038;p=1478"},"modified":"2026-03-27T07:04:47","modified_gmt":"2026-03-27T07:04:47","slug":"imprimante-automatique-de-sol-3d-haute-resolution-hj-129","status":"publish","type":"product","link":"https:\/\/hanjiewallprinter.com\/fr\/product\/hj-129-automatic-high-resolution-3d-floor-printer-machine\/","title":{"rendered":"HJ-129 Machine automatique d'impression 3D haute r\u00e9solution pour le sol"},"featured_media":2712,"parent":0,"template":"","meta":{"_acf_changed":false},"product_categorie":[4],"class_list":["post-1478","product","type-product","status-publish","has-post-thumbnail","hentry","product_categorie-floor-printer"],"acf":[],"yoast_head":"<!-- This site is optimized with the Yoast SEO plugin v26.4 - https:\/\/yoast.com\/wordpress\/plugins\/seo\/ -->\n<title>Automatic High Resolution 3D Floor Printer Machine-HJ-129<\/title>\n<meta name=\"description\" content=\"Ground printer is easy to operate, suitable for a variety of ground materials, durable and low maintenance cost-HJ-129\" \/>\n<meta name=\"robots\" content=\"index, follow, max-snippet:-1, max-image-preview:large, max-video-preview:-1\" \/>\n<link rel=\"canonical\" href=\"https:\/\/hanjiewallprinter.com\/fr\/produit\/imprimante-automatique-de-sol-3d-haute-resolution-hj-129\/\" \/>\n<meta property=\"og:locale\" content=\"fr_FR\" \/>\n<meta property=\"og:type\" content=\"article\" \/>\n<meta property=\"og:title\" content=\"Automatic High Resolution 3D Floor Printer Machine-HJ-129\" \/>\n<meta property=\"og:description\" content=\"Ground printer is easy to operate, suitable for a variety of ground materials, durable and low maintenance cost-HJ-129\" \/>\n<meta property=\"og:url\" content=\"https:\/\/hanjiewallprinter.com\/fr\/produit\/imprimante-automatique-de-sol-3d-haute-resolution-hj-129\/\" \/>\n<meta property=\"og:site_name\" content=\"Hanjie wall printer\" \/>\n<meta property=\"article:modified_time\" content=\"2026-03-27T07:04:47+00:00\" \/>\n<meta property=\"og:image\" content=\"https:\/\/hanjiewallprinter.com\/wp-content\/uploads\/2025\/04\/\u672a\u547d\u540d-1.jpg\" \/>\n\t<meta property=\"og:image:width\" content=\"800\" \/>\n\t<meta property=\"og:image:height\" content=\"800\" \/>\n\t<meta property=\"og:image:type\" content=\"image\/jpeg\" \/>\n<meta name=\"twitter:card\" content=\"summary_large_image\" \/>\n<meta name=\"twitter:label1\" content=\"Dur\u00e9e de lecture estim\u00e9e\" \/>\n\t<meta name=\"twitter:data1\" content=\"1 minute\" \/>\n<script type=\"application\/ld+json\" class=\"yoast-schema-graph\">{\"@context\":\"https:\/\/schema.org\",\"@graph\":[{\"@type\":\"WebPage\",\"@id\":\"https:\/\/hanjiewallprinter.com\/product\/hj-129-automatic-high-resolution-3d-floor-printer-machine\/\",\"url\":\"https:\/\/hanjiewallprinter.com\/product\/hj-129-automatic-high-resolution-3d-floor-printer-machine\/\",\"name\":\"Automatic High Resolution 3D Floor Printer Machine-HJ-129\",\"isPartOf\":{\"@id\":\"https:\/\/hanjiewallprinter.com\/#website\"},\"primaryImageOfPage\":{\"@id\":\"https:\/\/hanjiewallprinter.com\/product\/hj-129-automatic-high-resolution-3d-floor-printer-machine\/#primaryimage\"},\"image\":{\"@id\":\"https:\/\/hanjiewallprinter.com\/product\/hj-129-automatic-high-resolution-3d-floor-printer-machine\/#primaryimage\"},\"thumbnailUrl\":\"https:\/\/hanjiewallprinter.com\/wp-content\/uploads\/2025\/04\/\u672a\u547d\u540d-1.jpg\",\"datePublished\":\"2025-04-22T07:37:46+00:00\",\"dateModified\":\"2026-03-27T07:04:47+00:00\",\"description\":\"Ground printer is easy to operate, suitable for a variety of ground materials, durable and low maintenance cost-HJ-129\",\"breadcrumb\":{\"@id\":\"https:\/\/hanjiewallprinter.com\/product\/hj-129-automatic-high-resolution-3d-floor-printer-machine\/#breadcrumb\"},\"inLanguage\":\"fr-FR\",\"potentialAction\":[{\"@type\":\"ReadAction\",\"target\":[\"https:\/\/hanjiewallprinter.com\/product\/hj-129-automatic-high-resolution-3d-floor-printer-machine\/\"]}]},{\"@type\":\"ImageObject\",\"inLanguage\":\"fr-FR\",\"@id\":\"https:\/\/hanjiewallprinter.com\/product\/hj-129-automatic-high-resolution-3d-floor-printer-machine\/#primaryimage\",\"url\":\"https:\/\/hanjiewallprinter.com\/wp-content\/uploads\/2025\/04\/\u672a\u547d\u540d-1.jpg\",\"contentUrl\":\"https:\/\/hanjiewallprinter.com\/wp-content\/uploads\/2025\/04\/\u672a\u547d\u540d-1.jpg\",\"width\":800,\"height\":800},{\"@type\":\"BreadcrumbList\",\"@id\":\"https:\/\/hanjiewallprinter.com\/product\/hj-129-automatic-high-resolution-3d-floor-printer-machine\/#breadcrumb\",\"itemListElement\":[{\"@type\":\"ListItem\",\"position\":1,\"name\":\"Home\",\"item\":\"https:\/\/hanjiewallprinter.com\/en_US\/\"},{\"@type\":\"ListItem\",\"position\":2,\"name\":\"Products\",\"item\":\"https:\/\/hanjiewallprinter.com\/product\/\"},{\"@type\":\"ListItem\",\"position\":3,\"name\":\"FLOOR PRINTER\",\"item\":\"https:\/\/hanjiewallprinter.com\/product_categorie\/floor-printer\/\"},{\"@type\":\"ListItem\",\"position\":4,\"name\":\"HJ-129 Automatic High Resolution 3D Floor Printer Machine\"}]},{\"@type\":\"WebSite\",\"@id\":\"https:\/\/hanjiewallprinter.com\/#website\",\"url\":\"https:\/\/hanjiewallprinter.com\/\",\"name\":\"hanjiewallprinter.com\",\"description\":\"Hanjie wall printer\",\"publisher\":{\"@id\":\"https:\/\/hanjiewallprinter.com\/#organization\"},\"potentialAction\":[{\"@type\":\"SearchAction\",\"target\":{\"@type\":\"EntryPoint\",\"urlTemplate\":\"https:\/\/hanjiewallprinter.com\/?s={search_term_string}\"},\"query-input\":{\"@type\":\"PropertyValueSpecification\",\"valueRequired\":true,\"valueName\":\"search_term_string\"}}],\"inLanguage\":\"fr-FR\"},{\"@type\":\"Organization\",\"@id\":\"https:\/\/hanjiewallprinter.com\/#organization\",\"name\":\"hanjiewallprinter.com\",\"url\":\"https:\/\/hanjiewallprinter.com\/\",\"logo\":{\"@type\":\"ImageObject\",\"inLanguage\":\"fr-FR\",\"@id\":\"https:\/\/hanjiewallprinter.com\/#\/schema\/logo\/image\/\",\"url\":\"https:\/\/hanjiewallprinter.com\/wp-content\/uploads\/2025\/03\/cropped-123456.webp\",\"contentUrl\":\"https:\/\/hanjiewallprinter.com\/wp-content\/uploads\/2025\/03\/cropped-123456.webp\",\"width\":512,\"height\":512,\"caption\":\"hanjiewallprinter.com\"},\"image\":{\"@id\":\"https:\/\/hanjiewallprinter.com\/#\/schema\/logo\/image\/\"}}]}<\/script>\n<!-- \/ Yoast SEO plugin. -->","yoast_head_json":{"title":"Imprimante 3D automatique \u00e0 haute r\u00e9solution pour le sol-HJ-129","description":"L'imprimante de sol est facile \u00e0 utiliser, elle convient \u00e0 une vari\u00e9t\u00e9 de mat\u00e9riaux de sol, elle est durable et son co\u00fbt d'entretien est faible-HJ-129","robots":{"index":"index","follow":"follow","max-snippet":"max-snippet:-1","max-image-preview":"max-image-preview:large","max-video-preview":"max-video-preview:-1"},"canonical":"https:\/\/hanjiewallprinter.com\/fr\/produit\/imprimante-automatique-de-sol-3d-haute-resolution-hj-129\/","og_locale":"fr_FR","og_type":"article","og_title":"Automatic High Resolution 3D Floor Printer Machine-HJ-129","og_description":"Ground printer is easy to operate, suitable for a variety of ground materials, durable and low maintenance cost-HJ-129","og_url":"https:\/\/hanjiewallprinter.com\/fr\/produit\/imprimante-automatique-de-sol-3d-haute-resolution-hj-129\/","og_site_name":"Hanjie wall printer","article_modified_time":"2026-03-27T07:04:47+00:00","og_image":[{"width":800,"height":800,"url":"https:\/\/hanjiewallprinter.com\/wp-content\/uploads\/2025\/04\/\u672a\u547d\u540d-1.jpg","type":"image\/jpeg"}],"twitter_card":"summary_large_image","twitter_misc":{"Dur\u00e9e de lecture estim\u00e9e":"1 minute"},"schema":{"@context":"https:\/\/schema.org","@graph":[{"@type":"WebPage","@id":"https:\/\/hanjiewallprinter.com\/product\/hj-129-automatic-high-resolution-3d-floor-printer-machine\/","url":"https:\/\/hanjiewallprinter.com\/product\/hj-129-automatic-high-resolution-3d-floor-printer-machine\/","name":"Imprimante 3D automatique \u00e0 haute r\u00e9solution pour le sol-HJ-129","isPartOf":{"@id":"https:\/\/hanjiewallprinter.com\/#website"},"primaryImageOfPage":{"@id":"https:\/\/hanjiewallprinter.com\/product\/hj-129-automatic-high-resolution-3d-floor-printer-machine\/#primaryimage"},"image":{"@id":"https:\/\/hanjiewallprinter.com\/product\/hj-129-automatic-high-resolution-3d-floor-printer-machine\/#primaryimage"},"thumbnailUrl":"https:\/\/hanjiewallprinter.com\/wp-content\/uploads\/2025\/04\/\u672a\u547d\u540d-1.jpg","datePublished":"2025-04-22T07:37:46+00:00","dateModified":"2026-03-27T07:04:47+00:00","description":"L'imprimante de sol est facile \u00e0 utiliser, elle convient \u00e0 une vari\u00e9t\u00e9 de mat\u00e9riaux de sol, elle est durable et son co\u00fbt d'entretien est faible-HJ-129","breadcrumb":{"@id":"https:\/\/hanjiewallprinter.com\/product\/hj-129-automatic-high-resolution-3d-floor-printer-machine\/#breadcrumb"},"inLanguage":"fr-FR","potentialAction":[{"@type":"ReadAction","target":["https:\/\/hanjiewallprinter.com\/product\/hj-129-automatic-high-resolution-3d-floor-printer-machine\/"]}]},{"@type":"ImageObject","inLanguage":"fr-FR","@id":"https:\/\/hanjiewallprinter.com\/product\/hj-129-automatic-high-resolution-3d-floor-printer-machine\/#primaryimage","url":"https:\/\/hanjiewallprinter.com\/wp-content\/uploads\/2025\/04\/\u672a\u547d\u540d-1.jpg","contentUrl":"https:\/\/hanjiewallprinter.com\/wp-content\/uploads\/2025\/04\/\u672a\u547d\u540d-1.jpg","width":800,"height":800},{"@type":"BreadcrumbList","@id":"https:\/\/hanjiewallprinter.com\/product\/hj-129-automatic-high-resolution-3d-floor-printer-machine\/#breadcrumb","itemListElement":[{"@type":"ListItem","position":1,"name":"Home","item":"https:\/\/hanjiewallprinter.com\/en_US\/"},{"@type":"ListItem","position":2,"name":"Products","item":"https:\/\/hanjiewallprinter.com\/product\/"},{"@type":"ListItem","position":3,"name":"FLOOR PRINTER","item":"https:\/\/hanjiewallprinter.com\/product_categorie\/floor-printer\/"},{"@type":"ListItem","position":4,"name":"HJ-129 Automatic High Resolution 3D Floor Printer Machine"}]},{"@type":"WebSite","@id":"https:\/\/hanjiewallprinter.com\/#website","url":"https:\/\/hanjiewallprinter.com\/","name":"hanjiewallprinter.com","description":"Imprimante murale Hanjie","publisher":{"@id":"https:\/\/hanjiewallprinter.com\/#organization"},"potentialAction":[{"@type":"SearchAction","target":{"@type":"EntryPoint","urlTemplate":"https:\/\/hanjiewallprinter.com\/?s={search_term_string}"},"query-input":{"@type":"PropertyValueSpecification","valueRequired":true,"valueName":"search_term_string"}}],"inLanguage":"fr-FR"},{"@type":"Organization","@id":"https:\/\/hanjiewallprinter.com\/#organization","name":"hanjiewallprinter.com","url":"https:\/\/hanjiewallprinter.com\/","logo":{"@type":"ImageObject","inLanguage":"fr-FR","@id":"https:\/\/hanjiewallprinter.com\/#\/schema\/logo\/image\/","url":"https:\/\/hanjiewallprinter.com\/wp-content\/uploads\/2025\/03\/cropped-123456.webp","contentUrl":"https:\/\/hanjiewallprinter.com\/wp-content\/uploads\/2025\/03\/cropped-123456.webp","width":512,"height":512,"caption":"hanjiewallprinter.com"},"image":{"@id":"https:\/\/hanjiewallprinter.com\/#\/schema\/logo\/image\/"}}]}},"_links":{"self":[{"href":"https:\/\/hanjiewallprinter.com\/fr\/wp-json\/wp\/v2\/product\/1478","targetHints":{"allow":["GET"]}}],"collection":[{"href":"https:\/\/hanjiewallprinter.com\/fr\/wp-json\/wp\/v2\/product"}],"about":[{"href":"https:\/\/hanjiewallprinter.com\/fr\/wp-json\/wp\/v2\/types\/product"}],"wp:featuredmedia":[{"embeddable":true,"href":"https:\/\/hanjiewallprinter.com\/fr\/wp-json\/wp\/v2\/media\/2712"}],"wp:attachment":[{"href":"https:\/\/hanjiewallprinter.com\/fr\/wp-json\/wp\/v2\/media?parent=1478"}],"wp:term":[{"taxonomy":"product_categorie","embeddable":true,"href":"https:\/\/hanjiewallprinter.com\/fr\/wp-json\/wp\/v2\/product_categorie?post=1478"}],"curies":[{"name":"wp","href":"https:\/\/api.w.org\/{rel}","templated":true}]}}