{"id":716,"date":"2025-04-02T09:14:58","date_gmt":"2025-04-02T09:14:58","guid":{"rendered":"https:\/\/hanjiewallprinter.com\/?page_id=716"},"modified":"2025-04-24T07:54:52","modified_gmt":"2025-04-24T07:54:52","slug":"video","status":"publish","type":"page","link":"https:\/\/hanjiewallprinter.com\/pt\/video\/","title":{"rendered":"V\u00eddeo"},"content":{"rendered":"\t\t<div data-elementor-type=\"wp-page\" data-elementor-id=\"716\" class=\"elementor elementor-716\" data-elementor-post-type=\"page\">\n\t\t\t\t<div class=\"elementor-element elementor-element-4c41485 e-flex e-con-boxed e-con e-parent\" data-id=\"4c41485\" data-element_type=\"container\">\n\t\t\t\t\t<div class=\"e-con-inner\">\n\t\t<div class=\"elementor-element elementor-element-12801f6 e-flex e-con-boxed e-con e-child\" data-id=\"12801f6\" data-element_type=\"container\">\n\t\t\t\t\t<div class=\"e-con-inner\">\n\t\t<div class=\"elementor-element elementor-element-6974148 e-con-full e-flex e-con e-child\" data-id=\"6974148\" data-element_type=\"container\">\n\t\t<div class=\"elementor-element elementor-element-9039484 e-con-full e-flex e-con e-child\" data-id=\"9039484\" data-element_type=\"container\">\n\t\t\t\t<div class=\"elementor-element elementor-element-193d0e6 elementor-widget elementor-widget-video\" data-id=\"193d0e6\" data-element_type=\"widget\" data-settings=\"{&quot;youtube_url&quot;:&quot;https:\\\/\\\/www.youtube.com\\\/watch?v=pSakeue9loo&quot;,&quot;video_type&quot;:&quot;youtube&quot;,&quot;controls&quot;:&quot;yes&quot;}\" data-widget_type=\"video.default\">\n\t\t\t\t<div class=\"elementor-widget-container\">\n\t\t\t\t\t\t\t<div class=\"elementor-wrapper elementor-open-inline\">\n\t\t\t<div class=\"elementor-video\"><\/div>\t\t<\/div>\n\t\t\t\t\t\t<\/div>\n\t\t\t\t<\/div>\n\t\t\t\t<\/div>\n\t\t<div class=\"elementor-element elementor-element-b89869e e-con-full e-flex e-con e-child\" data-id=\"b89869e\" data-element_type=\"container\">\n\t\t\t\t<div class=\"elementor-element elementor-element-064f91c elementor-widget elementor-widget-video\" data-id=\"064f91c\" data-element_type=\"widget\" data-settings=\"{&quot;youtube_url&quot;:&quot;https:\\\/\\\/youtu.be\\\/GS02Q8iAuHk&quot;,&quot;video_type&quot;:&quot;youtube&quot;,&quot;controls&quot;:&quot;yes&quot;}\" data-widget_type=\"video.default\">\n\t\t\t\t<div class=\"elementor-widget-container\">\n\t\t\t\t\t\t\t<div class=\"elementor-wrapper elementor-open-inline\">\n\t\t\t<div class=\"elementor-video\"><\/div>\t\t<\/div>\n\t\t\t\t\t\t<\/div>\n\t\t\t\t<\/div>\n\t\t\t\t<\/div>\n\t\t\t\t<\/div>\n\t\t<div class=\"elementor-element elementor-element-ed096a3 e-con-full e-flex e-con e-child\" data-id=\"ed096a3\" data-element_type=\"container\">\n\t\t<div class=\"elementor-element elementor-element-5f27616 e-con-full e-flex e-con e-child\" data-id=\"5f27616\" data-element_type=\"container\">\n\t\t\t\t<div class=\"elementor-element elementor-element-05edf4e elementor-widget elementor-widget-video\" data-id=\"05edf4e\" data-element_type=\"widget\" data-settings=\"{&quot;youtube_url&quot;:&quot;https:\\\/\\\/youtu.be\\\/vMPhs8fo2hQ&quot;,&quot;video_type&quot;:&quot;youtube&quot;,&quot;controls&quot;:&quot;yes&quot;}\" data-widget_type=\"video.default\">\n\t\t\t\t<div class=\"elementor-widget-container\">\n\t\t\t\t\t\t\t<div class=\"elementor-wrapper elementor-open-inline\">\n\t\t\t<div class=\"elementor-video\"><\/div>\t\t<\/div>\n\t\t\t\t\t\t<\/div>\n\t\t\t\t<\/div>\n\t\t\t\t<\/div>\n\t\t<div class=\"elementor-element elementor-element-c12daa4 e-con-full e-flex e-con e-child\" data-id=\"c12daa4\" data-element_type=\"container\">\n\t\t\t\t<div class=\"elementor-element elementor-element-2bee6e0 elementor-widget elementor-widget-video\" data-id=\"2bee6e0\" data-element_type=\"widget\" data-settings=\"{&quot;youtube_url&quot;:&quot;https:\\\/\\\/youtu.be\\\/16pnigZe7NU&quot;,&quot;video_type&quot;:&quot;youtube&quot;,&quot;controls&quot;:&quot;yes&quot;}\" data-widget_type=\"video.default\">\n\t\t\t\t<div class=\"elementor-widget-container\">\n\t\t\t\t\t\t\t<div class=\"elementor-wrapper elementor-open-inline\">\n\t\t\t<div class=\"elementor-video\"><\/div>\t\t<\/div>\n\t\t\t\t\t\t<\/div>\n\t\t\t\t<\/div>\n\t\t\t\t<\/div>\n\t\t\t\t<\/div>\n\t\t<div class=\"elementor-element elementor-element-4b87c27 e-con-full e-flex e-con e-child\" data-id=\"4b87c27\" data-element_type=\"container\">\n\t\t<div class=\"elementor-element elementor-element-e141d9e e-con-full e-flex e-con e-child\" data-id=\"e141d9e\" data-element_type=\"container\">\n\t\t\t\t<div class=\"elementor-element elementor-element-f34c92b elementor-widget elementor-widget-video\" data-id=\"f34c92b\" data-element_type=\"widget\" data-settings=\"{&quot;youtube_url&quot;:&quot;https:\\\/\\\/youtube.com\\\/shorts\\\/du4r53fZd7U&quot;,&quot;video_type&quot;:&quot;youtube&quot;,&quot;controls&quot;:&quot;yes&quot;}\" data-widget_type=\"video.default\">\n\t\t\t\t<div class=\"elementor-widget-container\">\n\t\t\t\t\t\t\t<div class=\"elementor-wrapper elementor-open-inline\">\n\t\t\t<div class=\"elementor-video\"><\/div>\t\t<\/div>\n\t\t\t\t\t\t<\/div>\n\t\t\t\t<\/div>\n\t\t\t\t<\/div>\n\t\t<div class=\"elementor-element elementor-element-555d4e8 e-con-full e-flex e-con e-child\" data-id=\"555d4e8\" data-element_type=\"container\">\n\t\t\t\t<div class=\"elementor-element elementor-element-9638fe6 elementor-widget elementor-widget-video\" data-id=\"9638fe6\" data-element_type=\"widget\" data-settings=\"{&quot;youtube_url&quot;:&quot;https:\\\/\\\/youtube.com\\\/shorts\\\/AoBcMGKyD_4&quot;,&quot;video_type&quot;:&quot;youtube&quot;,&quot;controls&quot;:&quot;yes&quot;}\" data-widget_type=\"video.default\">\n\t\t\t\t<div class=\"elementor-widget-container\">\n\t\t\t\t\t\t\t<div class=\"elementor-wrapper elementor-open-inline\">\n\t\t\t<div class=\"elementor-video\"><\/div>\t\t<\/div>\n\t\t\t\t\t\t<\/div>\n\t\t\t\t<\/div>\n\t\t\t\t<\/div>\n\t\t\t\t<\/div>\n\t\t\t\t<div class=\"elementor-element elementor-element-5f62a67 elementor-widget elementor-widget-shortcode\" data-id=\"5f62a67\" data-element_type=\"widget\" data-widget_type=\"shortcode.default\">\n\t\t\t\t<div class=\"elementor-widget-container\">\n\t\t\t\t\t\t\t<div class=\"elementor-shortcode\"><div class=\"wpforms-container wpforms-container-full wpforms-render-modern\" id=\"wpforms-686\"><form id=\"wpforms-form-686\" class=\"wpforms-validate wpforms-form wpforms-ajax-form\" data-formid=\"686\" method=\"post\" enctype=\"multipart\/form-data\" action=\"\/pt\/wp-json\/wp\/v2\/pages\/716\" data-token=\"0af99e14b924438913226b4e800d5341\"><noscript class=\"wpforms-error-noscript\">Please enable JavaScript in your browser to complete this form.<\/noscript><div class=\"wpforms-hidden\" id=\"wpforms-error-noscript\">Please enable JavaScript in your browser to complete this form.<\/div><div class=\"wpforms-field-container\"><div id=\"wpforms-686-field_15-container\" class=\"wpforms-field wpforms-field-layout\" data-field-id=\"15\"><label class=\"wpforms-field-label wpforms-label-hide\" for=\"wpforms-686-field_15\" aria-hidden=\"false\">Layout<\/label><div class=\"wpforms-field-layout-columns wpforms-field-layout-preset-50-50\"><div class=\"wpforms-layout-column wpforms-layout-column-50\"><div id=\"wpforms-686-field_16-container\" class=\"wpforms-field wpforms-field-name\" data-field-id=\"16\"><label class=\"wpforms-field-label\" for=\"wpforms-686-field_16\">Name <span class=\"wpforms-required-label\" aria-hidden=\"true\">*<\/span><\/label><input type=\"text\" id=\"wpforms-686-field_16\" class=\"wpforms-field-medium wpforms-field-required\" name=\"wpforms[fields][16]\" aria-errormessage=\"wpforms-686-field_16-error\" required><\/div><div id=\"wpforms-686-field_26-container\" class=\"wpforms-field wpforms-field-text\" data-field-id=\"26\"><label class=\"wpforms-field-label\" for=\"wpforms-686-field_26\">Phone\/Whatsapp <span class=\"wpforms-required-label\" aria-hidden=\"true\">*<\/span><\/label><input type=\"text\" id=\"wpforms-686-field_26\" class=\"wpforms-field-medium wpforms-field-required\" name=\"wpforms[fields][26]\" aria-errormessage=\"wpforms-686-field_26-error\" required><\/div><div id=\"wpforms-686-field_20-container\" class=\"wpforms-field wpforms-field-text\" data-field-id=\"20\"><label class=\"wpforms-field-label\" for=\"wpforms-686-field_20\">Company<\/label><input type=\"text\" id=\"wpforms-686-field_20\" class=\"wpforms-field-medium\" name=\"wpforms[fields][20]\" aria-errormessage=\"wpforms-686-field_20-error\" ><\/div><\/div><div class=\"wpforms-layout-column wpforms-layout-column-50\"><div id=\"wpforms-686-field_17-container\" class=\"wpforms-field wpforms-field-text\" data-field-id=\"17\"><label class=\"wpforms-field-label\" for=\"wpforms-686-field_17\">Email <span class=\"wpforms-required-label\" aria-hidden=\"true\">*<\/span><\/label><input type=\"text\" id=\"wpforms-686-field_17\" class=\"wpforms-field-medium wpforms-field-required\" name=\"wpforms[fields][17]\" aria-errormessage=\"wpforms-686-field_17-error\" required><\/div><div id=\"wpforms-686-field_19-container\" class=\"wpforms-field wpforms-field-text\" data-field-id=\"19\"><label class=\"wpforms-field-label\" for=\"wpforms-686-field_19\">Country <span class=\"wpforms-required-label\" aria-hidden=\"true\">*<\/span><\/label><input type=\"text\" id=\"wpforms-686-field_19\" class=\"wpforms-field-medium wpforms-field-required\" name=\"wpforms[fields][19]\" aria-errormessage=\"wpforms-686-field_19-error\" required><\/div><\/div><\/div><\/div><div id=\"wpforms-686-field_24-container\" class=\"wpforms-field wpforms-field-textarea\" data-field-id=\"24\"><label class=\"wpforms-field-label\" for=\"wpforms-686-field_24\">Message<\/label><textarea id=\"wpforms-686-field_24\" class=\"wpforms-field-medium\" name=\"wpforms[fields][24]\" aria-errormessage=\"wpforms-686-field_24-error\" ><\/textarea><\/div><\/div><!-- .wpforms-field-container --><div class=\"wpforms-submit-container\" ><input type=\"hidden\" name=\"wpforms[id]\" value=\"686\"><input type=\"hidden\" name=\"wpforms[author]\" value=\"1\"><button type=\"submit\" name=\"wpforms[submit]\" id=\"wpforms-submit-686\" class=\"wpforms-submit\" data-alt-text=\"Send...\" data-submit-text=\"Leave a message\" aria-live=\"assertive\" value=\"wpforms-submit\">Leave a message<\/button><img decoding=\"async\" src=\"https:\/\/hanjiewallprinter.com\/wp-content\/plugins\/wpforms\/assets\/images\/submit-spin.svg\" class=\"wpforms-submit-spinner\" style=\"display: none;\" width=\"26\" height=\"26\" alt=\"Loading\"><\/div><\/form><\/div>  <!-- .wpforms-container --><\/div>\n\t\t\t\t\t\t<\/div>\n\t\t\t\t<\/div>\n\t\t\t\t\t<\/div>\n\t\t\t\t<\/div>\n\t\t\t\t\t<\/div>\n\t\t\t\t<\/div>\n\t\t\t\t<\/div>\n\t\t","protected":false},"excerpt":{"rendered":"<p>https:\/\/www.youtube.com\/watch?v=pSakeue9loohttps:\/\/youtu.be\/GS02Q8iAuHkhttps:\/\/youtu.be\/vMPhs8fo2hQhttps:\/\/youtu.be\/16pnigZe7NUhttps:\/\/youtube.com\/shorts\/du4r53fZd7Uhttps:\/\/youtube.com\/shorts\/AoBcMGKyD_4<\/p>","protected":false},"author":1,"featured_media":0,"parent":0,"menu_order":0,"comment_status":"closed","ping_status":"closed","template":"","meta":{"_acf_changed":false,"footnotes":""},"class_list":["post-716","page","type-page","status-publish","hentry"],"acf":[],"yoast_head":"<!-- This site is optimized with the Yoast SEO plugin v26.4 - https:\/\/yoast.com\/wordpress\/plugins\/seo\/ -->\n<title>Hanjie Blog: Your Guide to Exploring Wall Printers and Application Trends<\/title>\n<meta name=\"description\" content=\"Please obtain a detailed guide on eco-friendly wall printers. The Hanje blog showcases the latest trends in wall printer applications and wall printing.\" \/>\n<meta name=\"robots\" content=\"index, follow, max-snippet:-1, max-image-preview:large, max-video-preview:-1\" \/>\n<link rel=\"canonical\" href=\"https:\/\/hanjiewallprinter.com\/pt\/video\/\" \/>\n<meta property=\"og:locale\" content=\"pt_PT\" \/>\n<meta property=\"og:type\" content=\"article\" \/>\n<meta property=\"og:title\" content=\"Hanjie Blog: Your Guide to Exploring Wall Printers and Application Trends\" \/>\n<meta property=\"og:description\" content=\"Please obtain a detailed guide on eco-friendly wall printers. The Hanje blog showcases the latest trends in wall printer applications and wall printing.\" \/>\n<meta property=\"og:url\" content=\"https:\/\/hanjiewallprinter.com\/pt\/video\/\" \/>\n<meta property=\"og:site_name\" content=\"Hanjie wall printer\" \/>\n<meta property=\"article:modified_time\" content=\"2025-04-24T07:54:52+00:00\" \/>\n<meta name=\"twitter:card\" content=\"summary_large_image\" \/>\n<script type=\"application\/ld+json\" class=\"yoast-schema-graph\">{\"@context\":\"https:\/\/schema.org\",\"@graph\":[{\"@type\":\"WebPage\",\"@id\":\"https:\/\/hanjiewallprinter.com\/video\/\",\"url\":\"https:\/\/hanjiewallprinter.com\/video\/\",\"name\":\"Hanjie Blog: Your Guide to Exploring Wall Printers and Application Trends\",\"isPartOf\":{\"@id\":\"https:\/\/hanjiewallprinter.com\/#website\"},\"datePublished\":\"2025-04-02T09:14:58+00:00\",\"dateModified\":\"2025-04-24T07:54:52+00:00\",\"description\":\"Please obtain a detailed guide on eco-friendly wall printers. The Hanje blog showcases the latest trends in wall printer applications and wall printing.\",\"breadcrumb\":{\"@id\":\"https:\/\/hanjiewallprinter.com\/video\/#breadcrumb\"},\"inLanguage\":\"pt-PT\",\"potentialAction\":[{\"@type\":\"ReadAction\",\"target\":[\"https:\/\/hanjiewallprinter.com\/video\/\"]}]},{\"@type\":\"BreadcrumbList\",\"@id\":\"https:\/\/hanjiewallprinter.com\/video\/#breadcrumb\",\"itemListElement\":[{\"@type\":\"ListItem\",\"position\":1,\"name\":\"Home\",\"item\":\"https:\/\/hanjiewallprinter.com\/en_US\/\"},{\"@type\":\"ListItem\",\"position\":2,\"name\":\"Video\"}]},{\"@type\":\"WebSite\",\"@id\":\"https:\/\/hanjiewallprinter.com\/#website\",\"url\":\"https:\/\/hanjiewallprinter.com\/\",\"name\":\"hanjiewallprinter.com\",\"description\":\"Hanjie wall printer\",\"publisher\":{\"@id\":\"https:\/\/hanjiewallprinter.com\/#organization\"},\"potentialAction\":[{\"@type\":\"SearchAction\",\"target\":{\"@type\":\"EntryPoint\",\"urlTemplate\":\"https:\/\/hanjiewallprinter.com\/?s={search_term_string}\"},\"query-input\":{\"@type\":\"PropertyValueSpecification\",\"valueRequired\":true,\"valueName\":\"search_term_string\"}}],\"inLanguage\":\"pt-PT\"},{\"@type\":\"Organization\",\"@id\":\"https:\/\/hanjiewallprinter.com\/#organization\",\"name\":\"hanjiewallprinter.com\",\"url\":\"https:\/\/hanjiewallprinter.com\/\",\"logo\":{\"@type\":\"ImageObject\",\"inLanguage\":\"pt-PT\",\"@id\":\"https:\/\/hanjiewallprinter.com\/#\/schema\/logo\/image\/\",\"url\":\"https:\/\/hanjiewallprinter.com\/wp-content\/uploads\/2025\/03\/cropped-123456.webp\",\"contentUrl\":\"https:\/\/hanjiewallprinter.com\/wp-content\/uploads\/2025\/03\/cropped-123456.webp\",\"width\":512,\"height\":512,\"caption\":\"hanjiewallprinter.com\"},\"image\":{\"@id\":\"https:\/\/hanjiewallprinter.com\/#\/schema\/logo\/image\/\"}}]}<\/script>\n<!-- \/ Yoast SEO plugin. -->","yoast_head_json":{"title":"Blogue da Hanjie: O seu guia para explorar as impressoras murais e as tend\u00eancias de aplica\u00e7\u00e3o","description":"Obter um guia pormenorizado sobre impressoras murais ecol\u00f3gicas. O blogue da Hanje apresenta as \u00faltimas tend\u00eancias em aplica\u00e7\u00f5es de impressoras murais e impress\u00e3o mural.","robots":{"index":"index","follow":"follow","max-snippet":"max-snippet:-1","max-image-preview":"max-image-preview:large","max-video-preview":"max-video-preview:-1"},"canonical":"https:\/\/hanjiewallprinter.com\/pt\/video\/","og_locale":"pt_PT","og_type":"article","og_title":"Hanjie Blog: Your Guide to Exploring Wall Printers and Application Trends","og_description":"Please obtain a detailed guide on eco-friendly wall printers. The Hanje blog showcases the latest trends in wall printer applications and wall printing.","og_url":"https:\/\/hanjiewallprinter.com\/pt\/video\/","og_site_name":"Hanjie wall printer","article_modified_time":"2025-04-24T07:54:52+00:00","twitter_card":"summary_large_image","schema":{"@context":"https:\/\/schema.org","@graph":[{"@type":"WebPage","@id":"https:\/\/hanjiewallprinter.com\/video\/","url":"https:\/\/hanjiewallprinter.com\/video\/","name":"Blogue da Hanjie: O seu guia para explorar as impressoras murais e as tend\u00eancias de aplica\u00e7\u00e3o","isPartOf":{"@id":"https:\/\/hanjiewallprinter.com\/#website"},"datePublished":"2025-04-02T09:14:58+00:00","dateModified":"2025-04-24T07:54:52+00:00","description":"Obter um guia pormenorizado sobre impressoras murais ecol\u00f3gicas. O blogue da Hanje apresenta as \u00faltimas tend\u00eancias em aplica\u00e7\u00f5es de impressoras murais e impress\u00e3o mural.","breadcrumb":{"@id":"https:\/\/hanjiewallprinter.com\/video\/#breadcrumb"},"inLanguage":"pt-PT","potentialAction":[{"@type":"ReadAction","target":["https:\/\/hanjiewallprinter.com\/video\/"]}]},{"@type":"BreadcrumbList","@id":"https:\/\/hanjiewallprinter.com\/video\/#breadcrumb","itemListElement":[{"@type":"ListItem","position":1,"name":"Home","item":"https:\/\/hanjiewallprinter.com\/en_US\/"},{"@type":"ListItem","position":2,"name":"Video"}]},{"@type":"WebSite","@id":"https:\/\/hanjiewallprinter.com\/#website","url":"https:\/\/hanjiewallprinter.com\/","name":"hanjiewallprinter.com","description":"Impressora de parede Hanjie","publisher":{"@id":"https:\/\/hanjiewallprinter.com\/#organization"},"potentialAction":[{"@type":"SearchAction","target":{"@type":"EntryPoint","urlTemplate":"https:\/\/hanjiewallprinter.com\/?s={search_term_string}"},"query-input":{"@type":"PropertyValueSpecification","valueRequired":true,"valueName":"search_term_string"}}],"inLanguage":"pt-PT"},{"@type":"Organization","@id":"https:\/\/hanjiewallprinter.com\/#organization","name":"hanjiewallprinter.com","url":"https:\/\/hanjiewallprinter.com\/","logo":{"@type":"ImageObject","inLanguage":"pt-PT","@id":"https:\/\/hanjiewallprinter.com\/#\/schema\/logo\/image\/","url":"https:\/\/hanjiewallprinter.com\/wp-content\/uploads\/2025\/03\/cropped-123456.webp","contentUrl":"https:\/\/hanjiewallprinter.com\/wp-content\/uploads\/2025\/03\/cropped-123456.webp","width":512,"height":512,"caption":"hanjiewallprinter.com"},"image":{"@id":"https:\/\/hanjiewallprinter.com\/#\/schema\/logo\/image\/"}}]}},"_links":{"self":[{"href":"https:\/\/hanjiewallprinter.com\/pt\/wp-json\/wp\/v2\/pages\/716","targetHints":{"allow":["GET"]}}],"collection":[{"href":"https:\/\/hanjiewallprinter.com\/pt\/wp-json\/wp\/v2\/pages"}],"about":[{"href":"https:\/\/hanjiewallprinter.com\/pt\/wp-json\/wp\/v2\/types\/page"}],"author":[{"embeddable":true,"href":"https:\/\/hanjiewallprinter.com\/pt\/wp-json\/wp\/v2\/users\/1"}],"replies":[{"embeddable":true,"href":"https:\/\/hanjiewallprinter.com\/pt\/wp-json\/wp\/v2\/comments?post=716"}],"version-history":[{"count":37,"href":"https:\/\/hanjiewallprinter.com\/pt\/wp-json\/wp\/v2\/pages\/716\/revisions"}],"predecessor-version":[{"id":1624,"href":"https:\/\/hanjiewallprinter.com\/pt\/wp-json\/wp\/v2\/pages\/716\/revisions\/1624"}],"wp:attachment":[{"href":"https:\/\/hanjiewallprinter.com\/pt\/wp-json\/wp\/v2\/media?parent=716"}],"curies":[{"name":"wp","href":"https:\/\/api.w.org\/{rel}","templated":true}]}}